{"id":255,"date":"2026-04-14T14:43:00","date_gmt":"2026-04-14T14:43:00","guid":{"rendered":"https:\/\/auditexai.com\/?page_id=255"},"modified":"2026-04-14T14:43:01","modified_gmt":"2026-04-14T14:43:01","slug":"kullanim-kosullari","status":"publish","type":"page","link":"https:\/\/auditexai.com\/?page_id=255","title":{"rendered":"Kullan\u0131m Ko\u015fullar\u0131"},"content":{"rendered":"\n<h3 class=\"wp-block-heading\">Hizmetlerin Kullan\u0131m\u0131<\/h3>\n\n\n\n<p><strong>AuditexAI<\/strong>, kurumsal s\u00fcre\u00e7leri ve yat\u0131r\u0131m karar mekanizmalar\u0131n\u0131 desteklemek amac\u0131yla tasarlanm\u0131\u015f yapay zeka destekli uyumluluk y\u00f6netimi ve analiti\u011fi sunar. Platformu yaln\u0131zca yasal ama\u00e7larla ve y\u00fcr\u00fcrl\u00fckteki t\u00fcm yasa ve y\u00f6netmeliklere uygun olarak kullanmay\u0131 kabul edersiniz. Y\u00fckledi\u011finiz t\u00fcm verilerin do\u011frulu\u011fundan ve bu verileri platformumuz dahilinde kullanma yetkisine sahip oldu\u011funuzdan siz sorumlusunuz.<\/p>\n\n\n\n<h3 class=\"wp-block-heading\">Hesaplar ve Eri\u015fim<\/h3>\n\n\n\n<p>Belirli \u00f6zelliklere eri\u015fmek i\u00e7in bir hesap olu\u015fturman\u0131z gerekebilir. Kay\u0131t s\u0131ras\u0131nda do\u011fru bilgiler vermeyi ve hesap bilgilerinizi g\u00fcvende tutmay\u0131 kabul edersiniz. Hesab\u0131n\u0131z alt\u0131ndaki t\u00fcm faaliyetlerden siz sorumlusunuz. Yetkisiz bir kullan\u0131m \u015f\u00fcphesi durumunda bizi derhal bilgilendirmelisiniz.<\/p>\n\n\n\n<h3 class=\"wp-block-heading\">Abonelikler ve \u00d6demeler<\/h3>\n\n\n\n<p>Baz\u0131 hizmetler \u00fccretli abonelik gerektirir. Bir abonelik sat\u0131n alarak, sat\u0131n alma s\u0131ras\u0131nda belirtilen \u00fccretleri \u00f6demeyi kabul edersiniz. Yasalar\u0131n aksi bir durum gerektirmedi\u011fi hallerde t\u00fcm \u00f6demeler iade edilemez. Fiyatland\u0131rmay\u0131 makul bir s\u00fcre \u00f6nceden bildirim yaparak de\u011fi\u015ftirme hakk\u0131m\u0131z sakl\u0131d\u0131r ve de\u011fi\u015fiklikler sonraki fatura d\u00f6nemlerinde ge\u00e7erli olacakt\u0131r.<\/p>\n\n\n\n<h3 class=\"wp-block-heading\">T\u00fcketicinin \u0130ptal Hakk\u0131<\/h3>\n\n\n\n<p>E\u011fer bir &#8220;T\u00fcketici&#8221; iseniz (ve a\u015fa\u011f\u0131da belirtilen istisnai durum ge\u00e7erli de\u011filse), bu S\u00f6zle\u015fmeyi iptal etme ve \u00fcr\u00fcn\u00fc hi\u00e7bir sebep g\u00f6stermeksizin <strong>14 g\u00fcn<\/strong> i\u00e7inde iade etme hakk\u0131na sahipsiniz. \u0130ptal s\u00fcresi, i\u015flemin tamamland\u0131\u011f\u0131 g\u00fcn\u00fc takip eden g\u00fcnden itibaren 14 g\u00fcn sonra sona erer. \u0130ptal hakk\u0131n\u0131z\u0131 kullanmak i\u00e7in 14 g\u00fcnl\u00fck s\u00fcre dolmadan ileti\u015fim kanallar\u0131m\u0131z \u00fczerinden bildirimde bulunman\u0131z yeterlidir.<\/p>\n\n\n\n<p>Sipari\u015finizi iptal etmek i\u00e7in karar\u0131n\u0131z\u0131 <strong>AuditexAI<\/strong>&#8216;a bildirmelisiniz. \u0130\u015flemin h\u0131zla tamamlanmas\u0131 i\u00e7in l\u00fctfen bizimle buradan ileti\u015fime ge\u00e7in. Abonelik hizmetlerinde iptal hakk\u0131n\u0131n yaln\u0131zca ilk abonelik sonras\u0131 ge\u00e7erli oldu\u011funu, otomatik yenilemelerde bu hakk\u0131n bulunmad\u0131\u011f\u0131n\u0131 l\u00fctfen unutmay\u0131n.<\/p>\n\n\n\n<blockquote class=\"wp-block-quote is-layout-flow wp-block-quote-is-layout-flow\">\n<p><strong>\u00d6rnek \u0130ptal Formu<\/strong><\/p>\n\n\n\n<p><strong>Kime:<\/strong> AuditexAI M\u00fc\u015fteri Destek Ekibi<\/p>\n\n\n\n<p>\u0130\u015fbu form ile a\u015fa\u011f\u0131daki \u00fcr\u00fcnlerin sat\u0131\u015f s\u00f6zle\u015fmesini iptal etti\u011fimi bildiririm:<\/p>\n\n\n\n<ul class=\"wp-block-list\">\n<li><strong>Sipari\u015f Tarihi:<\/strong><\/li>\n\n\n\n<li><strong>T\u00fcketici Ad\u0131:<\/strong><\/li>\n\n\n\n<li><strong>T\u00fcketici Adresi:<\/strong><\/li>\n\n\n\n<li><strong>\u0130mza:<\/strong> (Yaln\u0131zca ka\u011f\u0131t \u00fczerinde bildirilirse)<\/li>\n\n\n\n<li><strong>Tarih:<\/strong><\/li>\n<\/ul>\n<\/blockquote>\n\n\n\n<h4 class=\"wp-block-heading\">\u0130ptalin Etkileri<\/h4>\n\n\n\n<p>Bu S\u00f6zle\u015fmeyi yukar\u0131da izin verildi\u011fi \u015fekilde iptal etmeniz durumunda, sizden al\u0131nan t\u00fcm \u00f6demeleri iade edece\u011fiz. \u0130adeniz, iptal karar\u0131n\u0131z bize ula\u015ft\u0131ktan sonra en ge\u00e7 14 g\u00fcn i\u00e7inde, herhangi bir gecikme olmaks\u0131z\u0131n yap\u0131lacakt\u0131r. \u0130ade, ilk i\u015flemde kulland\u0131\u011f\u0131n\u0131z \u00f6deme y\u00f6ntemiyle yap\u0131lacak olup bu i\u015flem i\u00e7in herhangi bir ek \u00fccret yans\u0131t\u0131lmayacakt\u0131r.<\/p>\n\n\n\n<h4 class=\"wp-block-heading\">\u0130ptal Hakk\u0131n\u0131n \u0130stisnas\u0131<\/h4>\n\n\n\n<p>\u0130ndirmeye, izlemeye veya edinmeye ba\u015flad\u0131\u011f\u0131n\u0131z <strong>Dijital \u0130\u00e7erikler<\/strong> ile halihaz\u0131rda faydaland\u0131\u011f\u0131n\u0131z \u00fcr\u00fcnler i\u00e7in T\u00fcketici olarak iptal hakk\u0131n\u0131z ge\u00e7erli de\u011fildir.<\/p>\n\n\n\n<h3 class=\"wp-block-heading\">Veri ve Gizlilik<\/h3>\n\n\n\n<p>Hizmetlerimizi kullan\u0131m\u0131n\u0131z ayr\u0131ca <strong>Gizlilik Politikam\u0131za<\/strong> tabidir. <strong>AuditexAI<\/strong>&#8216;\u0131 kullanarak, bilgilerinizin orada a\u00e7\u0131kland\u0131\u011f\u0131 \u015fekilde toplanmas\u0131na ve i\u015flenmesine izin vermi\u015f olursunuz. Y\u00fcklenen t\u00fcm veriler g\u00fcvenli bir \u015fekilde ve ge\u00e7erli gizlilik yasalar\u0131na uygun olarak i\u015flenir.<\/p>\n\n\n\n<h3 class=\"wp-block-heading\">Fikri M\u00fclkiyet<\/h3>\n\n\n\n<p>Metin, grafik, logo ve teknoloji dahil olmak \u00fczere <strong>AuditexAI<\/strong> taraf\u0131ndan sa\u011flanan t\u00fcm i\u00e7erik, yaz\u0131l\u0131m ve materyaller <strong>AuditexAI<\/strong>&#8216;\u0131n veya lisans verenlerinin fikri m\u00fclkiyetidir. Platformu dahili i\u015f ama\u00e7lar\u0131n\u0131z i\u00e7in kullanman\u0131z ad\u0131na size s\u0131n\u0131rl\u0131, m\u00fcnhas\u0131r olmayan ve devredilemez bir lisans verilir. \u00d6nceden yaz\u0131l\u0131 iznimiz olmadan hizmetlerimizi kopyalayamaz, de\u011fi\u015ftiremez, da\u011f\u0131tamaz, tersine m\u00fchendislik yapamaz veya t\u00fcrev \u00e7al\u0131\u015fmalar olu\u015fturamazs\u0131n\u0131z.<\/p>\n\n\n\n<h3 class=\"wp-block-heading\">K\u0131s\u0131tlamalar<\/h3>\n\n\n\n<p>Platformu k\u00f6t\u00fcye kullanmamay\u0131 kabul edersiniz. Yetkisiz eri\u015fim, platformun i\u015flevselli\u011fini bozmaya \u00e7al\u0131\u015fmak, hizmeti yasa d\u0131\u015f\u0131 ama\u00e7larla kullanmak veya izinsiz olarak hizmetlerimizi yeniden satmak yasaklanm\u0131\u015f faaliyetlerdir.<\/p>\n\n\n\n<h3 class=\"wp-block-heading\">Sorumluluk Reddi (Disclaimers)<\/h3>\n\n\n\n<p><strong>AuditexAI<\/strong>, mevcut veriler ve yapay zeka modellerine dayal\u0131 i\u00e7g\u00f6r\u00fcler ve analitikler sunar. Do\u011fruluk i\u00e7in \u00e7abalasak da, sonu\u00e7lar\u0131n hatas\u0131z, eksiksiz veya her ticari karar i\u00e7in uygun oldu\u011funu garanti etmiyoruz. Platform, &#8220;oldu\u011fu gibi&#8221; ve &#8220;mevcut oldu\u011fu s\u00fcrece&#8221; esas\u0131yla, herhangi bir garanti verilmeksizin sunulmaktad\u0131r.<\/p>\n\n\n\n<h3 class=\"wp-block-heading\">Sorumlulu\u011fun S\u0131n\u0131rland\u0131r\u0131lmas\u0131<\/h3>\n\n\n\n<p>Yasalar\u0131n izin verdi\u011fi en geni\u015f \u00f6l\u00e7\u00fcde; <strong>AuditexAI<\/strong> ve i\u015ftirakleri, platformun kullan\u0131m\u0131ndan kaynaklanan dolayl\u0131, ar\u0131zi veya sonu\u00e7 olarak ortaya \u00e7\u0131kan zararlardan sorumlu tutulamaz. Hizmetle ilgili herhangi bir hak talebi i\u00e7in toplam sorumlulu\u011fumuz, olaydan \u00f6nceki on iki ay i\u00e7inde bize \u00f6dedi\u011finiz tutar\u0131 a\u015famaz.<\/p>\n\n\n\n<h3 class=\"wp-block-heading\">Fesih<\/h3>\n\n\n\n<p>Bu \u015eartlar\u0131 ihlal etmeniz veya platforma, di\u011fer kullan\u0131c\u0131lara veya i\u015fimize zarar veren faaliyetlerde bulunman\u0131z durumunda hesab\u0131n\u0131z\u0131 ask\u0131ya alabilir veya kapatabiliriz. Hesab\u0131n\u0131z\u0131 kapatarak hizmetlerimizi kullanmay\u0131 diledi\u011finiz zaman b\u0131rakabilirsiniz.<\/p>\n\n\n\n<h3 class=\"wp-block-heading\">\u015eartlarda De\u011fi\u015fiklik<\/h3>\n\n\n\n<p>Hizmetlerimizdeki, teknolojideki veya yasal gerekliliklerdeki de\u011fi\u015fiklikleri yans\u0131tmak amac\u0131yla bu \u015eartlar\u0131 zaman zaman g\u00fcncelleyebiliriz. G\u00fcncellemeler, revize edilmi\u015f y\u00fcr\u00fcrl\u00fck tarihiyle burada yay\u0131nlanacakt\u0131r. De\u011fi\u015fiklikler y\u00fcr\u00fcrl\u00fc\u011fe girdikten sonra platformu kullanmaya devam etmeniz, yeni \u015eartlar\u0131 kabul etti\u011finiz anlam\u0131na gelir.<\/p>\n","protected":false},"excerpt":{"rendered":"<p>Hizmetlerin Kullan\u0131m\u0131 AuditexAI, kurumsal s\u00fcre\u00e7leri ve yat\u0131r\u0131m karar mekanizmalar\u0131n\u0131 desteklemek amac\u0131yla tasarlanm\u0131\u015f yapay zeka destekli uyumluluk y\u00f6netimi ve analiti\u011fi sunar. Platformu yaln\u0131zca yasal ama\u00e7larla ve y\u00fcr\u00fcrl\u00fckteki t\u00fcm yasa ve y\u00f6netmeliklere uygun olarak kullanmay\u0131 kabul edersiniz. Y\u00fckledi\u011finiz t\u00fcm verilerin do\u011frulu\u011fundan ve bu verileri platformumuz dahilinde kullanma yetkisine sahip oldu\u011funuzdan siz sorumlusunuz. Hesaplar ve Eri\u015fim Belirli \u00f6zelliklere [&hellip;]<\/p>\n","protected":false},"author":1,"featured_media":0,"parent":0,"menu_order":0,"comment_status":"closed","ping_status":"closed","template":"","meta":{"footnotes":""},"class_list":["post-255","page","type-page","status-publish","hentry"],"_links":{"self":[{"href":"https:\/\/auditexai.com\/index.php?rest_route=\/wp\/v2\/pages\/255","targetHints":{"allow":["GET"]}}],"collection":[{"href":"https:\/\/auditexai.com\/index.php?rest_route=\/wp\/v2\/pages"}],"about":[{"href":"https:\/\/auditexai.com\/index.php?rest_route=\/wp\/v2\/types\/page"}],"author":[{"embeddable":true,"href":"https:\/\/auditexai.com\/index.php?rest_route=\/wp\/v2\/users\/1"}],"replies":[{"embeddable":true,"href":"https:\/\/auditexai.com\/index.php?rest_route=%2Fwp%2Fv2%2Fcomments&post=255"}],"version-history":[{"count":2,"href":"https:\/\/auditexai.com\/index.php?rest_route=\/wp\/v2\/pages\/255\/revisions"}],"predecessor-version":[{"id":257,"href":"https:\/\/auditexai.com\/index.php?rest_route=\/wp\/v2\/pages\/255\/revisions\/257"}],"wp:attachment":[{"href":"https:\/\/auditexai.com\/index.php?rest_route=%2Fwp%2Fv2%2Fmedia&parent=255"}],"curies":[{"name":"wp","href":"https:\/\/api.w.org\/{rel}","templated":true}]}}